{"id":95,"date":"2023-12-07T11:33:07","date_gmt":"2023-12-07T11:33:07","guid":{"rendered":"https:\/\/www.onlinemarangoz.com.tr\/Uskudar\/?page_id=95"},"modified":"2023-12-07T11:36:39","modified_gmt":"2023-12-07T11:36:39","slug":"hakkimizda","status":"publish","type":"page","link":"https:\/\/www.onlinemarangoz.com.tr\/Uskudar\/hakkimizda\/","title":{"rendered":"Hakk\u0131m\u0131zda"},"content":{"rendered":"<h2>Hakk\u0131m\u0131zda<\/h2>\n<p align=\"CENTER\">Bug\u00fcn m\u00fc\u015fterilerimize her zaman en y\u00fcksek kalite standartlar\u0131n\u0131 kar\u015f\u0131layan eksiksiz bir \u00fcr\u00fcn yelpazesi sunabiliyoruz. Amac\u0131m\u0131z m\u00fc\u015fterilerimize mobilya tamir montaja kadar s\u00fcrecin her a\u015famas\u0131nda kaliteli hizmet ve yard\u0131m sunmakt\u0131r. Mobilya Tamir Montaj Hizmeti etmekten ve b\u00f6lgemiz i\u00e7in bir referans noktas\u0131 olarak g\u00f6r\u00fclmekten gurur duyuyoruz.<\/p>\n<h3 align=\"CENTER\">Tecr\u00fcbemiz hizmetinizde<\/h3>\n<p align=\"CENTER\">Mobilya Tamiri&#8221; Mobilya Montaj&#8221; ihtiya\u00e7lar\u0131n\u0131z i\u00e7in ah\u015fap mobilya tamiri hizmeti, hasarl\u0131 veya y\u0131pranm\u0131\u015f mobilyalar\u0131n\u0131 onarmak i\u00e7in profesyonel ve g\u00fcvenilir bir \u00e7\u00f6z\u00fcm arayanlar i\u00e7in ideal bir se\u00e7imdir. Tecr\u00fcbemiz ve el i\u015f\u00e7ili\u011fine olan tutkum sayesinde, ah\u015fap mobilyalarda, k\u0131r\u0131lmadan eksik par\u00e7alar\u0131n de\u011fi\u015ftirilmesine kadar her t\u00fcrl\u00fc hasar\u0131 onarabiliyorum.<br \/>\nAh\u015fap mobilyalar\u0131n \u00e7o\u011fu zaman b\u00fcy\u00fck duygusal ve mirassal de\u011fere sahip nesneler oldu\u011funun fark\u0131nday\u0131m ve bu nedenle \u00f6zenli ve hassas bir onar\u0131m hizmeti sunmaya kendimi adad\u0131m.<\/p>\n<p align=\"CENTER\">Nihai sonucun en y\u00fcksek kalitesini sa\u011flamak i\u00e7in yaln\u0131zca en iyi malzemeleri ve ara\u00e7lar\u0131 kullan\u0131yorum.<\/p>\n<p align=\"CENTER\">Hasar tespitinden onar\u0131lan mobilyalar\u0131n teslimine kadar onar\u0131m s\u00fcrecinin her a\u015famas\u0131nda destek sunabiliyorum.<\/p>\n<p align=\"CENTER\">\u0130stanbul anadolu yakas\u0131nda faaliyet g\u00f6steriyor ve ah\u015fap mobilyalar\u0131n\u0131 onarmak i\u00e7in profesyonel ve g\u00fcvenilir bir \u00e7\u00f6z\u00fcm arayan herkese hizmetlerimi sunabildi\u011fim i\u00e7in mutluyum.<br \/>\nAh\u015fap bir mobilyay\u0131 tamir ettirmeniz gerekiyorsa ki\u015fisel tavsiye almak i\u00e7in benimle ileti\u015fime ge\u00e7mekten \u00e7ekinmeyin. Ah\u015fap mobilyalar\u0131n\u0131z\u0131n g\u00fczelli\u011fini ve i\u015flevselli\u011fini geri kazanman\u0131za yard\u0131mc\u0131 olmaya her zaman haz\u0131r\u0131m.<\/p>\n<p style=\"text-align: center;\">AMobilya tamiri, mobilya montaj, her t\u00fcrl\u00fc, mobilya onar\u0131m\u0131, mobilya tadilat\u0131, mobilya restorasyonu veya, mobilya montaj\u0131, i\u00e7in 0554 858 1312&#8217;yi aray\u0131n; ula\u015f\u0131m ara\u00e7lar\u0131m\u0131zla \u00dcsk\u00fcdar il\u00e7esinin her yerinde m\u00fcmk\u00fcn olan en k\u0131sa s\u00fcrede yan\u0131n\u0131zda olaca\u011f\u0131z.<\/p>\n<table style=\"border-collapse: collapse; width: 100%;\">\n<tbody>\n<tr>\n<td style=\"width: 33.3333%;\">\n<h3 align=\"CENTER\">REKABET\u00c7\u0130 F\u0130YATLAR<\/h3>\n<\/td>\n<td style=\"width: 33.3333%;\">\n<h3 align=\"CENTER\">Y\u00dcKSEK KAL\u0130TE STANDARTLARI<\/h3>\n<\/td>\n<td style=\"width: 33.3333%;\">\n<h3 align=\"CENTER\">MEMNUN M\u00dc\u015eTER\u0130LER<\/h3>\n<\/td>\n<\/tr>\n<\/tbody>\n<\/table>\n<table style=\"border-collapse: collapse; width: 100%;\">\n<tbody>\n<tr>\n<td style=\"width: 50%;\"><a title=\"Tezcan Usta Whatsapp Hemen T\u0131kla Mesaj At\" href=\"https:\/\/wa.me\/+905548581312\" target=\"_blank\" rel=\"noopener\"><img fetchpriority=\"high\" decoding=\"async\" class=\"aligncenter wp-image-93 size-full\" title=\"Tezcan Usta Whatsapp Hemen T\u0131kla Mesaj At\" src=\"http:\/\/www.onlinemarangoz.com.tr\/Uskudar\/wp-content\/uploads\/Marangoz-Whatsapp-Tikla-Mesaj-At.jpg\" alt=\"Tezcan Usta Whatsapp Hemen T\u0131kla Mesaj At\" width=\"500\" height=\"250\" srcset=\"https:\/\/www.onlinemarangoz.com.tr\/Uskudar\/wp-content\/uploads\/Marangoz-Whatsapp-Tikla-Mesaj-At.jpg 500w, https:\/\/www.onlinemarangoz.com.tr\/Uskudar\/wp-content\/uploads\/Marangoz-Whatsapp-Tikla-Mesaj-At-300x150.jpg 300w\" sizes=\"(max-width: 500px) 100vw, 500px\" \/><\/a><\/td>\n<td style=\"width: 50%;\">\n<h3 style=\"text-align: center;\">\u00dcsk\u00fcdar Marangoz Telefon<\/h3>\n<p style=\"text-align: center;\">\u00dcsk\u00fcdar Marangoz Telefon; Mobilya onar\u0131m\u0131na ihtiyac\u0131n\u0131z oldu\u011funda sizin i\u00e7in en uygun tarihi ve saati se\u00e7meniz yeterlidir. Elbette, randevu ayarlamak i\u00e7in 0554 858 1312 numaral\u0131 telefondan bizi her zaman arayabilirsiniz<\/p>\n<\/td>\n<\/tr>\n<tr>\n<td style=\"width: 50%;\">\n<h4 style=\"text-align: center;\">\u00dcsk\u00fcdar Marangoz \u0130leti\u015fim<\/h4>\n<p style=\"text-align: center;\">\u00dcsk\u00fcdar Marangoz \u0130leti\u015fim; Mobilya Tamir, Mobilya Montaj, ihtiyac\u0131n\u0131z\u0131 kar\u015f\u0131lar. mobilya tamir hizmetlerine ihtiyac\u0131n\u0131z varsa bizi 0554-858 1312&#8221; Numaral\u0131 Telfondan aray\u0131n amac\u0131m\u0131z mobilyan\u0131z\u0131 m\u00fcmk\u00fcn olan en k\u0131sa s\u00fcrede tamir etmektir.<\/p>\n<\/td>\n<td style=\"width: 50%;\"><a title=\"Tezcan Usta Telefon Hemen T\u0131kla Ara\" href=\"tel:\/\/+905548581312\" target=\"_blank\" rel=\"noopener\"><img decoding=\"async\" class=\"aligncenter wp-image-92 size-full\" title=\"Tezcan Usta Telefon Hemen T\u0131kla Ara\" src=\"http:\/\/www.onlinemarangoz.com.tr\/Uskudar\/wp-content\/uploads\/Uskudar-Marangoz-Telefon-Tikla-Ara.jpg\" alt=\"Tezcan Usta Telefon Hemen T\u0131kla Ara\" width=\"500\" height=\"250\" srcset=\"https:\/\/www.onlinemarangoz.com.tr\/Uskudar\/wp-content\/uploads\/Uskudar-Marangoz-Telefon-Tikla-Ara.jpg 500w, https:\/\/www.onlinemarangoz.com.tr\/Uskudar\/wp-content\/uploads\/Uskudar-Marangoz-Telefon-Tikla-Ara-300x150.jpg 300w\" sizes=\"(max-width: 500px) 100vw, 500px\" \/><\/a><\/td>\n<\/tr>\n<\/tbody>\n<\/table>\n\n\n<div class=\"kk-star-ratings kksr-auto kksr-align-left kksr-valign-bottom\"\n    data-payload='{&quot;align&quot;:&quot;left&quot;,&quot;id&quot;:&quot;95&quot;,&quot;slug&quot;:&quot;default&quot;,&quot;valign&quot;:&quot;bottom&quot;,&quot;ignore&quot;:&quot;&quot;,&quot;reference&quot;:&quot;auto&quot;,&quot;class&quot;:&quot;&quot;,&quot;count&quot;:&quot;4&quot;,&quot;legendonly&quot;:&quot;&quot;,&quot;readonly&quot;:&quot;&quot;,&quot;score&quot;:&quot;5&quot;,&quot;starsonly&quot;:&quot;&quot;,&quot;best&quot;:&quot;5&quot;,&quot;gap&quot;:&quot;5&quot;,&quot;greet&quot;:&quot;\u00dcsk\u00fcdar Marangoz \u2705&quot;,&quot;legend&quot;:&quot;\u00dcsk\u00fcdar Marangoz Ustas\u0131 \u2705 4&quot;,&quot;size&quot;:&quot;24&quot;,&quot;title&quot;:&quot;Hakk\u0131m\u0131zda&quot;,&quot;width&quot;:&quot;142.5&quot;,&quot;_legend&quot;:&quot;\u00dcsk\u00fcdar Marangoz Ustas\u0131 \u2705 {count}&quot;,&quot;font_factor&quot;:&quot;1.25&quot;}'>\n            \n<div class=\"kksr-stars\">\n    \n<div class=\"kksr-stars-inactive\">\n            <div class=\"kksr-star\" data-star=\"1\" style=\"padding-right: 5px\">\n            \n\n<div class=\"kksr-icon\" style=\"width: 24px; height: 24px;\"><\/div>\n        <\/div>\n            <div class=\"kksr-star\" data-star=\"2\" style=\"padding-right: 5px\">\n            \n\n<div class=\"kksr-icon\" style=\"width: 24px; height: 24px;\"><\/div>\n        <\/div>\n            <div class=\"kksr-star\" data-star=\"3\" style=\"padding-right: 5px\">\n            \n\n<div class=\"kksr-icon\" style=\"width: 24px; height: 24px;\"><\/div>\n        <\/div>\n            <div class=\"kksr-star\" data-star=\"4\" style=\"padding-right: 5px\">\n            \n\n<div class=\"kksr-icon\" style=\"width: 24px; height: 24px;\"><\/div>\n        <\/div>\n            <div class=\"kksr-star\" data-star=\"5\" style=\"padding-right: 5px\">\n            \n\n<div class=\"kksr-icon\" style=\"width: 24px; height: 24px;\"><\/div>\n        <\/div>\n    <\/div>\n    \n<div class=\"kksr-stars-active\" style=\"width: 142.5px;\">\n            <div class=\"kksr-star\" style=\"padding-right: 5px\">\n            \n\n<div class=\"kksr-icon\" style=\"width: 24px; height: 24px;\"><\/div>\n        <\/div>\n            <div class=\"kksr-star\" style=\"padding-right: 5px\">\n            \n\n<div class=\"kksr-icon\" style=\"width: 24px; height: 24px;\"><\/div>\n        <\/div>\n            <div class=\"kksr-star\" style=\"padding-right: 5px\">\n            \n\n<div class=\"kksr-icon\" style=\"width: 24px; height: 24px;\"><\/div>\n        <\/div>\n            <div class=\"kksr-star\" style=\"padding-right: 5px\">\n            \n\n<div class=\"kksr-icon\" style=\"width: 24px; height: 24px;\"><\/div>\n        <\/div>\n            <div class=\"kksr-star\" style=\"padding-right: 5px\">\n            \n\n<div class=\"kksr-icon\" style=\"width: 24px; height: 24px;\"><\/div>\n        <\/div>\n    <\/div>\n<\/div>\n                \n\n<div class=\"kksr-legend\" style=\"font-size: 19.2px;\">\n            \u00dcsk\u00fcdar Marangoz Ustas\u0131 \u2705 4    <\/div>\n    <\/div>\n","protected":false},"excerpt":{"rendered":"<p>Hakk\u0131m\u0131zda Bug\u00fcn m\u00fc\u015fterilerimize her zaman en y\u00fcksek kalite standartlar\u0131n\u0131 kar\u015f\u0131layan eksiksiz bir \u00fcr\u00fcn yelpazesi sunabiliyoruz. Amac\u0131m\u0131z m\u00fc\u015fterilerimize mobilya tamir montaja kadar s\u00fcrecin her a\u015famas\u0131nda kaliteli hizmet ve yard\u0131m sunmakt\u0131r. Mobilya Tamir Montaj Hizmeti etmekten ve b\u00f6lgemiz i\u00e7in bir referans noktas\u0131&#8230; <a class=\"di-continue-reading\" href=\"https:\/\/www.onlinemarangoz.com.tr\/Uskudar\/hakkimizda\/\"> Continue Reading&#8230;<\/a><\/p>\n","protected":false},"author":1,"featured_media":0,"parent":0,"menu_order":10,"comment_status":"closed","ping_status":"closed","template":"","meta":{"footnotes":""},"categories":[31],"tags":[32,34,33,37,38,35,36,39],"class_list":["post-95","page","type-page","status-publish","hentry","category-hakkimizda","tag-hakkimizda","tag-hakkimizda-mobilya-tamiri","tag-hakkimizda-telefon","tag-marangoz-ustasi-hakkimizda","tag-mobilya-montaj-ustasi-hakkimizda","tag-mobilya-tamircisi-hakkimizda","tag-uskudar-marangoz-hakkimizda","tag-uskudar-mobilya-tamircisi-hakkimizda"],"_links":{"self":[{"href":"https:\/\/www.onlinemarangoz.com.tr\/Uskudar\/wp-json\/wp\/v2\/pages\/95","targetHints":{"allow":["GET"]}}],"collection":[{"href":"https:\/\/www.onlinemarangoz.com.tr\/Uskudar\/wp-json\/wp\/v2\/pages"}],"about":[{"href":"https:\/\/www.onlinemarangoz.com.tr\/Uskudar\/wp-json\/wp\/v2\/types\/page"}],"author":[{"embeddable":true,"href":"https:\/\/www.onlinemarangoz.com.tr\/Uskudar\/wp-json\/wp\/v2\/users\/1"}],"replies":[{"embeddable":true,"href":"https:\/\/www.onlinemarangoz.com.tr\/Uskudar\/wp-json\/wp\/v2\/comments?post=95"}],"version-history":[{"count":0,"href":"https:\/\/www.onlinemarangoz.com.tr\/Uskudar\/wp-json\/wp\/v2\/pages\/95\/revisions"}],"wp:attachment":[{"href":"https:\/\/www.onlinemarangoz.com.tr\/Uskudar\/wp-json\/wp\/v2\/media?parent=95"}],"wp:term":[{"taxonomy":"category","embeddable":true,"href":"https:\/\/www.onlinemarangoz.com.tr\/Uskudar\/wp-json\/wp\/v2\/categories?post=95"},{"taxonomy":"post_tag","embeddable":true,"href":"https:\/\/www.onlinemarangoz.com.tr\/Uskudar\/wp-json\/wp\/v2\/tags?post=95"}],"curies":[{"name":"wp","href":"https:\/\/api.w.org\/{rel}","templated":true}]}}